{"id":7563,"date":"2020-07-07T09:27:16","date_gmt":"2020-07-07T13:27:16","guid":{"rendered":"http:\/\/kingsschool.cl\/sanbernardo\/?page_id=7563"},"modified":"2025-05-20T12:19:33","modified_gmt":"2025-05-20T16:19:33","slug":"contacto-miss-marcia-cornejo-encargado-de-convivencia-escolar","status":"publish","type":"page","link":"https:\/\/kingsschool.cl\/sanbernardo\/contacto-miss-marcia-cornejo-encargado-de-convivencia-escolar\/","title":{"rendered":"Contacto Encargada Convivencia Escolar"},"content":{"rendered":"\t\t<div data-elementor-type=\"wp-page\" data-elementor-id=\"7563\" class=\"elementor elementor-7563\">\n\t\t\t\t\t\t<section class=\"elementor-section elementor-top-section elementor-element elementor-element-89b137e elementor-section-boxed elementor-section-height-default elementor-section-height-default wpr-particle-no wpr-jarallax-no wpr-parallax-no wpr-sticky-section-no wpr-equal-height-no\" data-id=\"89b137e\" data-element_type=\"section\" data-e-type=\"section\">\n\t\t\t\t\t\t<div class=\"elementor-container elementor-column-gap-default\">\n\t\t\t\t\t<div class=\"elementor-column elementor-col-100 elementor-top-column elementor-element elementor-element-dd5a630\" data-id=\"dd5a630\" data-element_type=\"column\" data-e-type=\"column\">\n\t\t\t<div class=\"elementor-widget-wrap elementor-element-populated\">\n\t\t\t\t\t\t<div class=\"elementor-element elementor-element-4195842 elementor-widget elementor-widget-heading\" data-id=\"4195842\" data-element_type=\"widget\" data-e-type=\"widget\" data-widget_type=\"heading.default\">\n\t\t\t\t<div class=\"elementor-widget-container\">\n\t\t\t\t\t<h2 class=\"elementor-heading-title elementor-size-default\">Contacto Encargada Convivencia Escolar<\/h2>\t\t\t\t<\/div>\n\t\t\t\t<\/div>\n\t\t\t\t\t<\/div>\n\t\t<\/div>\n\t\t\t\t\t<\/div>\n\t\t<\/section>\n\t\t\t\t<section class=\"elementor-section elementor-top-section elementor-element elementor-element-1544479 elementor-section-boxed elementor-section-height-default elementor-section-height-default wpr-particle-no wpr-jarallax-no wpr-parallax-no wpr-sticky-section-no wpr-equal-height-no\" data-id=\"1544479\" data-element_type=\"section\" data-e-type=\"section\">\n\t\t\t\t\t\t<div class=\"elementor-container elementor-column-gap-default\">\n\t\t\t\t\t<div class=\"elementor-column elementor-col-100 elementor-top-column elementor-element elementor-element-c7236b1\" data-id=\"c7236b1\" data-element_type=\"column\" data-e-type=\"column\">\n\t\t\t<div class=\"elementor-widget-wrap elementor-element-populated\">\n\t\t\t\t\t\t<div class=\"elementor-element elementor-element-006623a elementor-widget elementor-widget-shortcode\" data-id=\"006623a\" data-element_type=\"widget\" data-e-type=\"widget\" data-widget_type=\"shortcode.default\">\n\t\t\t\t<div class=\"elementor-widget-container\">\n\t\t\t\t\t\t\t<div class=\"elementor-shortcode\">[contact-form-7 id=\"7577\" title=\"Contacto MisterAndr\u00e9s Y\u00e1\u00f1ez Rojas.\"]<\/div>\n\t\t\t\t\t\t<\/div>\n\t\t\t\t<\/div>\n\t\t\t\t\t<\/div>\n\t\t<\/div>\n\t\t\t\t\t<\/div>\n\t\t<\/section>\n\t\t\t\t<\/div>\n\t\t","protected":false},"excerpt":{"rendered":"<p>Contacto Encargada Convivencia Escolar [contact-form-7 id=\u00bb7577&#8243; title=\u00bbContacto MisterAndr\u00e9s Y\u00e1\u00f1ez Rojas.\u00bb] [&#8230;]<\/p>\n<p><a class=\"btn btn-secondary understrap-read-more-link\" href=\"https:\/\/kingsschool.cl\/sanbernardo\/contacto-miss-marcia-cornejo-encargado-de-convivencia-escolar\/\">Leer m\u00e1s&#8230;<span class=\"screen-reader-text\"> from Contacto Encargada Convivencia Escolar<\/span><\/a><\/p>\n","protected":false},"author":1,"featured_media":0,"parent":0,"menu_order":0,"comment_status":"closed","ping_status":"closed","template":"","meta":{"footnotes":""},"class_list":["post-7563","page","type-page","status-publish","hentry"],"rttpg_featured_image_url":null,"rttpg_author":{"display_name":"kings","author_link":"https:\/\/kingsschool.cl\/sanbernardo\/author\/kings\/"},"rttpg_comment":0,"rttpg_category":null,"rttpg_excerpt":"Contacto Encargada Convivencia Escolar [contact-form-7 id=\u00bb7577&#8243; title=\u00bbContacto MisterAndr\u00e9s Y\u00e1\u00f1ez Rojas.\u00bb] [...]Leer m\u00e1s... from Contacto Encargada Convivencia Escolar","_links":{"self":[{"href":"https:\/\/kingsschool.cl\/sanbernardo\/wp-json\/wp\/v2\/pages\/7563","targetHints":{"allow":["GET"]}}],"collection":[{"href":"https:\/\/kingsschool.cl\/sanbernardo\/wp-json\/wp\/v2\/pages"}],"about":[{"href":"https:\/\/kingsschool.cl\/sanbernardo\/wp-json\/wp\/v2\/types\/page"}],"author":[{"embeddable":true,"href":"https:\/\/kingsschool.cl\/sanbernardo\/wp-json\/wp\/v2\/users\/1"}],"replies":[{"embeddable":true,"href":"https:\/\/kingsschool.cl\/sanbernardo\/wp-json\/wp\/v2\/comments?post=7563"}],"version-history":[{"count":8,"href":"https:\/\/kingsschool.cl\/sanbernardo\/wp-json\/wp\/v2\/pages\/7563\/revisions"}],"predecessor-version":[{"id":14940,"href":"https:\/\/kingsschool.cl\/sanbernardo\/wp-json\/wp\/v2\/pages\/7563\/revisions\/14940"}],"wp:attachment":[{"href":"https:\/\/kingsschool.cl\/sanbernardo\/wp-json\/wp\/v2\/media?parent=7563"}],"curies":[{"name":"wp","href":"https:\/\/api.w.org\/{rel}","templated":true}]}}