{"id":6094,"date":"2018-03-26T15:05:16","date_gmt":"2018-03-26T18:05:16","guid":{"rendered":"http:\/\/kingsschool.cl\/sanbernardo\/?page_id=6094"},"modified":"2023-02-06T09:36:23","modified_gmt":"2023-02-06T12:36:23","slug":"plan-de-convivencia-escolar","status":"publish","type":"page","link":"https:\/\/kingsschool.cl\/sanbernardo\/plan-de-convivencia-escolar\/","title":{"rendered":"Plan de Gesti\u00f3n de la Convivencia"},"content":{"rendered":"\t\t<div data-elementor-type=\"wp-page\" data-elementor-id=\"6094\" class=\"elementor elementor-6094\">\n\t\t\t\t\t\t<section class=\"elementor-section elementor-top-section elementor-element elementor-element-20a95d11 elementor-section-boxed elementor-section-height-default elementor-section-height-default wpr-particle-no wpr-jarallax-no wpr-parallax-no wpr-sticky-section-no wpr-equal-height-no\" data-id=\"20a95d11\" data-element_type=\"section\" data-e-type=\"section\">\n\t\t\t\t\t\t<div class=\"elementor-container elementor-column-gap-default\">\n\t\t\t\t\t<div class=\"elementor-column elementor-col-100 elementor-top-column elementor-element elementor-element-40e20c30\" data-id=\"40e20c30\" data-element_type=\"column\" data-e-type=\"column\">\n\t\t\t<div class=\"elementor-widget-wrap elementor-element-populated\">\n\t\t\t\t\t\t<div class=\"elementor-element elementor-element-4315a720 elementor-widget elementor-widget-text-editor\" data-id=\"4315a720\" data-element_type=\"widget\" data-e-type=\"widget\" data-widget_type=\"text-editor.default\">\n\t\t\t\t<div class=\"elementor-widget-container\">\n\t\t\t\t\t\t\t\t\t\n\n\n<p><\/p>\n\t\t\t\t\t\t\t\t<\/div>\n\t\t\t\t<\/div>\n\t\t\t\t\t<\/div>\n\t\t<\/div>\n\t\t\t\t\t<\/div>\n\t\t<\/section>\n\t\t\t\t<section class=\"elementor-section elementor-top-section elementor-element elementor-element-144cc87 elementor-section-boxed elementor-section-height-default elementor-section-height-default wpr-particle-no wpr-jarallax-no wpr-parallax-no wpr-sticky-section-no wpr-equal-height-no\" data-id=\"144cc87\" data-element_type=\"section\" data-e-type=\"section\">\n\t\t\t\t\t\t<div class=\"elementor-container elementor-column-gap-default\">\n\t\t\t\t\t<div class=\"elementor-column elementor-col-100 elementor-top-column elementor-element elementor-element-0bbbd87\" data-id=\"0bbbd87\" data-element_type=\"column\" data-e-type=\"column\">\n\t\t\t<div class=\"elementor-widget-wrap elementor-element-populated\">\n\t\t\t\t\t\t<div class=\"elementor-element elementor-element-acb757a elementor-widget elementor-widget-heading\" data-id=\"acb757a\" data-element_type=\"widget\" data-e-type=\"widget\" data-widget_type=\"heading.default\">\n\t\t\t\t<div class=\"elementor-widget-container\">\n\t\t\t\t\t<h2 class=\"elementor-heading-title elementor-size-default\">Plan de Gesti\u00f3n de la Convivencia<\/h2>\t\t\t\t<\/div>\n\t\t\t\t<\/div>\n\t\t\t\t\t<\/div>\n\t\t<\/div>\n\t\t\t\t\t<\/div>\n\t\t<\/section>\n\t\t\t\t<section class=\"elementor-section elementor-top-section elementor-element elementor-element-0bdee8d elementor-section-boxed elementor-section-height-default elementor-section-height-default wpr-particle-no wpr-jarallax-no wpr-parallax-no wpr-sticky-section-no wpr-equal-height-no\" data-id=\"0bdee8d\" data-element_type=\"section\" data-e-type=\"section\">\n\t\t\t\t\t\t<div class=\"elementor-container elementor-column-gap-default\">\n\t\t\t\t\t<div class=\"elementor-column elementor-col-100 elementor-top-column elementor-element elementor-element-931a621\" data-id=\"931a621\" data-element_type=\"column\" data-e-type=\"column\">\n\t\t\t<div class=\"elementor-widget-wrap elementor-element-populated\">\n\t\t\t\t\t\t<div class=\"elementor-element elementor-element-bb57030 elementor-widget elementor-widget-image\" data-id=\"bb57030\" data-element_type=\"widget\" data-e-type=\"widget\" data-widget_type=\"image.default\">\n\t\t\t\t<div class=\"elementor-widget-container\">\n\t\t\t\t\t\t\t\t\t\t\t\t\t\t\t\t<a href=\"http:\/\/kingsschool.cl\/sanbernardo\/wp-content\/uploads\/2020\/05\/Plan-de-Gesti\u00f3n-de-la-Convivencia-2020-28-de-abril-2-1.pdf\">\n\t\t\t\t\t\t\t<img decoding=\"async\" src=\"http:\/\/kingsschool.cl\/sanbernardo\/wp-content\/uploads\/2020\/05\/Captura-de-pantalla-2020-05-19-a-las-12.04.07-p.-m..png\" title=\"\" alt=\"\" loading=\"lazy\" \/>\t\t\t\t\t\t\t\t<\/a>\n\t\t\t\t\t\t\t\t\t\t\t\t\t\t\t<\/div>\n\t\t\t\t<\/div>\n\t\t\t\t\t<\/div>\n\t\t<\/div>\n\t\t\t\t\t<\/div>\n\t\t<\/section>\n\t\t\t\t<\/div>\n\t\t","protected":false},"excerpt":{"rendered":"<p>Plan de Gesti\u00f3n de la Convivencia [&#8230;]<\/p>\n<p><a class=\"btn btn-secondary understrap-read-more-link\" href=\"https:\/\/kingsschool.cl\/sanbernardo\/plan-de-convivencia-escolar\/\">Leer m\u00e1s&#8230;<span class=\"screen-reader-text\"> from Plan de Gesti\u00f3n de la Convivencia<\/span><\/a><\/p>\n","protected":false},"author":1,"featured_media":0,"parent":0,"menu_order":0,"comment_status":"closed","ping_status":"closed","template":"","meta":{"footnotes":""},"class_list":["post-6094","page","type-page","status-publish","hentry"],"rttpg_featured_image_url":null,"rttpg_author":{"display_name":"kings","author_link":"https:\/\/kingsschool.cl\/sanbernardo\/author\/kings\/"},"rttpg_comment":0,"rttpg_category":null,"rttpg_excerpt":"Plan de Gesti\u00f3n de la Convivencia [...]Leer m\u00e1s... from Plan de Gesti\u00f3n de la Convivencia","_links":{"self":[{"href":"https:\/\/kingsschool.cl\/sanbernardo\/wp-json\/wp\/v2\/pages\/6094","targetHints":{"allow":["GET"]}}],"collection":[{"href":"https:\/\/kingsschool.cl\/sanbernardo\/wp-json\/wp\/v2\/pages"}],"about":[{"href":"https:\/\/kingsschool.cl\/sanbernardo\/wp-json\/wp\/v2\/types\/page"}],"author":[{"embeddable":true,"href":"https:\/\/kingsschool.cl\/sanbernardo\/wp-json\/wp\/v2\/users\/1"}],"replies":[{"embeddable":true,"href":"https:\/\/kingsschool.cl\/sanbernardo\/wp-json\/wp\/v2\/comments?post=6094"}],"version-history":[{"count":1,"href":"https:\/\/kingsschool.cl\/sanbernardo\/wp-json\/wp\/v2\/pages\/6094\/revisions"}],"predecessor-version":[{"id":13248,"href":"https:\/\/kingsschool.cl\/sanbernardo\/wp-json\/wp\/v2\/pages\/6094\/revisions\/13248"}],"wp:attachment":[{"href":"https:\/\/kingsschool.cl\/sanbernardo\/wp-json\/wp\/v2\/media?parent=6094"}],"curies":[{"name":"wp","href":"https:\/\/api.w.org\/{rel}","templated":true}]}}