{"id":4363,"date":"2015-08-20T13:41:22","date_gmt":"2015-08-20T17:41:22","guid":{"rendered":"http:\/\/kingsschool.cl\/sanbernardo\/?page_id=4363"},"modified":"2026-01-09T11:39:52","modified_gmt":"2026-01-09T15:39:52","slug":"reglamento-evaluacion-escolar","status":"publish","type":"page","link":"https:\/\/kingsschool.cl\/sanbernardo\/reglamento-evaluacion-escolar\/","title":{"rendered":"Reglamento Interno de Evaluaci\u00f3n Escolar"},"content":{"rendered":"\t\t<div data-elementor-type=\"wp-page\" data-elementor-id=\"4363\" class=\"elementor elementor-4363\">\n\t\t\t\t\t\t<section class=\"elementor-section elementor-top-section elementor-element elementor-element-c9e4cc5 elementor-section-boxed elementor-section-height-default elementor-section-height-default wpr-particle-no wpr-jarallax-no wpr-parallax-no wpr-sticky-section-no wpr-equal-height-no\" data-id=\"c9e4cc5\" data-element_type=\"section\" data-e-type=\"section\">\n\t\t\t\t\t\t<div class=\"elementor-container elementor-column-gap-default\">\n\t\t\t\t\t<div class=\"elementor-column elementor-col-100 elementor-top-column elementor-element elementor-element-acbae30\" data-id=\"acbae30\" data-element_type=\"column\" data-e-type=\"column\">\n\t\t\t<div class=\"elementor-widget-wrap elementor-element-populated\">\n\t\t\t\t\t\t<div class=\"elementor-element elementor-element-aeaba17 elementor-widget elementor-widget-text-editor\" data-id=\"aeaba17\" data-element_type=\"widget\" data-e-type=\"widget\" data-widget_type=\"text-editor.default\">\n\t\t\t\t<div class=\"elementor-widget-container\">\n\t\t\t\t\t\t\t\t\t<a href=\"https:\/\/kingsschool.cl\/sanbernardo\/wp-content\/uploads\/2026\/01\/REGLAMENTO-EVALUACION-2026-.docx.pdf\" class=\"pdfemb-viewer\" style=\"\" data-width=\"max\" data-height=\"max\" data-toolbar=\"top\" data-toolbar-fixed=\"on\">REGLAMENTO EVALUACION 2026 .docx<\/a>\t\t\t\t\t\t\t\t<\/div>\n\t\t\t\t<\/div>\n\t\t\t\t\t<\/div>\n\t\t<\/div>\n\t\t\t\t\t<\/div>\n\t\t<\/section>\n\t\t\t\t<section class=\"elementor-section elementor-top-section elementor-element elementor-element-167762a elementor-section-boxed elementor-section-height-default elementor-section-height-default wpr-particle-no wpr-jarallax-no wpr-parallax-no wpr-sticky-section-no wpr-equal-height-no\" data-id=\"167762a\" data-element_type=\"section\" data-e-type=\"section\">\n\t\t\t\t\t\t<div class=\"elementor-container elementor-column-gap-default\">\n\t\t\t\t\t<div class=\"elementor-column elementor-col-100 elementor-top-column elementor-element elementor-element-f2d989c\" data-id=\"f2d989c\" data-element_type=\"column\" data-e-type=\"column\">\n\t\t\t<div class=\"elementor-widget-wrap elementor-element-populated\">\n\t\t\t\t\t\t<div class=\"elementor-element elementor-element-b7559a2 elementor-button-success elementor-align-left elementor-widget elementor-widget-button\" data-id=\"b7559a2\" data-element_type=\"widget\" data-e-type=\"widget\" data-widget_type=\"button.default\">\n\t\t\t\t<div class=\"elementor-widget-container\">\n\t\t\t\t\t\t\t\t\t<div class=\"elementor-button-wrapper\">\n\t\t\t\t\t<a class=\"elementor-button elementor-button-link elementor-size-sm\" href=\"http:\/\/kingsschool.cl\/sanbernardo\/wp-content\/uploads\/2025\/06\/REGLAMENTO-EVALUACION-2025_KSB.docx.pdf\">\n\t\t\t\t\t\t<span class=\"elementor-button-content-wrapper\">\n\t\t\t\t\t\t\t\t\t<span class=\"elementor-button-text\">Descarga Aqu\u00ed<\/span>\n\t\t\t\t\t<\/span>\n\t\t\t\t\t<\/a>\n\t\t\t\t<\/div>\n\t\t\t\t\t\t\t\t<\/div>\n\t\t\t\t<\/div>\n\t\t\t\t\t<\/div>\n\t\t<\/div>\n\t\t\t\t\t<\/div>\n\t\t<\/section>\n\t\t\t\t<\/div>\n\t\t","protected":false},"excerpt":{"rendered":"<p>Descarga Aqu\u00ed [&#8230;]<\/p>\n<p><a class=\"btn btn-secondary understrap-read-more-link\" href=\"https:\/\/kingsschool.cl\/sanbernardo\/reglamento-evaluacion-escolar\/\">Leer m\u00e1s&#8230;<span class=\"screen-reader-text\"> from Reglamento Interno de Evaluaci\u00f3n Escolar<\/span><\/a><\/p>\n","protected":false},"author":1,"featured_media":0,"parent":0,"menu_order":0,"comment_status":"closed","ping_status":"open","template":"","meta":{"footnotes":""},"class_list":["post-4363","page","type-page","status-publish","hentry"],"rttpg_featured_image_url":null,"rttpg_author":{"display_name":"kings","author_link":"https:\/\/kingsschool.cl\/sanbernardo\/author\/kings\/"},"rttpg_comment":0,"rttpg_category":null,"rttpg_excerpt":"Descarga Aqu\u00ed [...]Leer m\u00e1s... from Reglamento Interno de Evaluaci\u00f3n Escolar","_links":{"self":[{"href":"https:\/\/kingsschool.cl\/sanbernardo\/wp-json\/wp\/v2\/pages\/4363","targetHints":{"allow":["GET"]}}],"collection":[{"href":"https:\/\/kingsschool.cl\/sanbernardo\/wp-json\/wp\/v2\/pages"}],"about":[{"href":"https:\/\/kingsschool.cl\/sanbernardo\/wp-json\/wp\/v2\/types\/page"}],"author":[{"embeddable":true,"href":"https:\/\/kingsschool.cl\/sanbernardo\/wp-json\/wp\/v2\/users\/1"}],"replies":[{"embeddable":true,"href":"https:\/\/kingsschool.cl\/sanbernardo\/wp-json\/wp\/v2\/comments?post=4363"}],"version-history":[{"count":33,"href":"https:\/\/kingsschool.cl\/sanbernardo\/wp-json\/wp\/v2\/pages\/4363\/revisions"}],"predecessor-version":[{"id":15736,"href":"https:\/\/kingsschool.cl\/sanbernardo\/wp-json\/wp\/v2\/pages\/4363\/revisions\/15736"}],"wp:attachment":[{"href":"https:\/\/kingsschool.cl\/sanbernardo\/wp-json\/wp\/v2\/media?parent=4363"}],"curies":[{"name":"wp","href":"https:\/\/api.w.org\/{rel}","templated":true}]}}