{"id":2001,"date":"2013-07-10T12:11:23","date_gmt":"2013-07-10T16:11:23","guid":{"rendered":"http:\/\/kingsschool.cl\/sanbernardo\/?page_id=2001"},"modified":"2023-06-27T02:54:57","modified_gmt":"2023-06-27T06:54:57","slug":"noticias","status":"publish","type":"page","link":"https:\/\/kingsschool.cl\/sanbernardo\/noticias\/","title":{"rendered":"Noticias"},"content":{"rendered":"\t\t<div data-elementor-type=\"wp-page\" data-elementor-id=\"2001\" class=\"elementor elementor-2001\">\n\t\t\t\t\t\t<section class=\"elementor-section elementor-top-section elementor-element elementor-element-5580101e0 elementor-section-boxed elementor-section-height-default elementor-section-height-default wpr-particle-no wpr-jarallax-no wpr-parallax-no wpr-sticky-section-no wpr-equal-height-no\" data-id=\"5580101e0\" data-element_type=\"section\" data-e-type=\"section\">\n\t\t\t\t\t\t<div class=\"elementor-container elementor-column-gap-default\">\n\t\t\t\t\t<div class=\"elementor-column elementor-col-100 elementor-top-column elementor-element elementor-element-16f44010\" data-id=\"16f44010\" data-element_type=\"column\" data-e-type=\"column\">\n\t\t\t<div class=\"elementor-widget-wrap elementor-element-populated\">\n\t\t\t\t\t\t<div class=\"elementor-element elementor-element-65cf7bd8 wpr-grid-columns-1 wpr-grid-columns--tablet1 wpr-grid-columns--mobile1 wpr-grid-pagination-center wpr-item-styles-inner elementor-widget elementor-widget-wpr-grid\" data-id=\"65cf7bd8\" data-element_type=\"widget\" data-e-type=\"widget\" data-widget_type=\"wpr-grid.default\">\n\t\t\t\t<div class=\"elementor-widget-container\">\n\t\t\t\t\t<ul class=\"wpr-grid-filters elementor-clearfix wpr-grid-filters-sep-right\"><li class=\" wpr-pointer-none wpr-pointer-line-fx wpr-pointer-fx-none\"><span  data-filter=\"*\" class=\"wpr-grid-filters-item wpr-active-filter \">All<\/span><em class=\"wpr-grid-filters-sep\"><\/em><\/li><li class=\" wpr-pointer-none wpr-pointer-line-fx wpr-pointer-fx-none wpr-hidden-element\"><span   data-ajax-filter=[\"category\",\"galeria\"]  data-filter=\".category-galeria\">Galer\u00eda<\/span><em class=\"wpr-grid-filters-sep\"><\/em><\/li><li class=\" wpr-pointer-none wpr-pointer-line-fx wpr-pointer-fx-none\"><span   data-ajax-filter=[\"category\",\"monthly-news\"]  data-filter=\".category-monthly-news\">Monthly News<\/span><em class=\"wpr-grid-filters-sep\"><\/em><\/li><li class=\" wpr-pointer-none wpr-pointer-line-fx wpr-pointer-fx-none\"><span   data-ajax-filter=[\"category\",\"noticias\"]  data-filter=\".category-noticias\">Noticias<\/span><em class=\"wpr-grid-filters-sep\"><\/em><\/li><li class=\" wpr-pointer-none wpr-pointer-line-fx wpr-pointer-fx-none wpr-hidden-element\"><span   data-ajax-filter=[\"category\",\"pruebas-parciales\"]  data-filter=\".category-pruebas-parciales\">Pruebas Parciales<\/span><em class=\"wpr-grid-filters-sep\"><\/em><\/li><li class=\" wpr-pointer-none wpr-pointer-line-fx wpr-pointer-fx-none wpr-hidden-element\"><span   data-ajax-filter=[\"category\",\"pruebas-solemnes\"]  data-filter=\".category-pruebas-solemnes\">Pruebas Solemnes<\/span><em class=\"wpr-grid-filters-sep\"><\/em><\/li><\/ul><section class=\"wpr-grid elementor-clearfix\" data-settings=\"{&quot;layout&quot;:&quot;list&quot;,&quot;stick_last_element_to_bottom&quot;:&quot;no&quot;,&quot;columns_desktop&quot;:1,&quot;gutter_hr&quot;:15,&quot;gutter_hr_mobile&quot;:15,&quot;gutter_hr_mobile_extra&quot;:15,&quot;gutter_hr_tablet&quot;:15,&quot;gutter_hr_tablet_extra&quot;:15,&quot;gutter_hr_laptop&quot;:15,&quot;gutter_hr_widescreen&quot;:15,&quot;gutter_vr&quot;:50,&quot;gutter_vr_mobile&quot;:50,&quot;gutter_vr_mobile_extra&quot;:50,&quot;gutter_vr_tablet&quot;:50,&quot;gutter_vr_tablet_extra&quot;:50,&quot;gutter_vr_laptop&quot;:50,&quot;gutter_vr_widescreen&quot;:50,&quot;animation&quot;:&quot;default&quot;,&quot;animation_duration&quot;:0.299999999999999988897769753748434595763683319091796875,&quot;animation_delay&quot;:0.1000000000000000055511151231257827021181583404541015625,&quot;deeplinking&quot;:&quot;&quot;,&quot;filters_linkable&quot;:&quot;no&quot;,&quot;filters_default_filter&quot;:&quot;&quot;,&quot;filters_count&quot;:&quot;&quot;,&quot;filters_hide_empty&quot;:&quot;yes&quot;,&quot;filters_animation&quot;:&quot;default&quot;,&quot;filters_animation_duration&quot;:0.299999999999999988897769753748434595763683319091796875,&quot;filters_animation_delay&quot;:0.1000000000000000055511151231257827021181583404541015625,&quot;pagination_type&quot;:&quot;numbered&quot;,&quot;pagination_max_pages&quot;:8,&quot;media_align&quot;:&quot;left&quot;,&quot;media_width&quot;:25,&quot;media_distance&quot;:20,&quot;lightbox&quot;:{&quot;selector&quot;:&quot;.wpr-grid-image-wrap&quot;,&quot;iframeMaxWidth&quot;:&quot;60%&quot;,&quot;hash&quot;:false,&quot;autoplay&quot;:&quot;true&quot;,&quot;pause&quot;:5000,&quot;progressBar&quot;:&quot;true&quot;,&quot;counter&quot;:&quot;true&quot;,&quot;controls&quot;:&quot;true&quot;,&quot;getCaptionFromTitleOrAlt&quot;:&quot;true&quot;,&quot;thumbnail&quot;:&quot;&quot;,&quot;showThumbByDefault&quot;:&quot;&quot;,&quot;share&quot;:&quot;&quot;,&quot;zoom&quot;:&quot;true&quot;,&quot;fullScreen&quot;:&quot;true&quot;,&quot;download&quot;:&quot;true&quot;}}\" data-advanced-filters=\"no\"><article class=\"wpr-grid-item elementor-clearfix post-16372 post type-post status-publish format-standard has-post-thumbnail hentry category-noticias\"><div class=\"wpr-grid-item-inner\"><div class=\"wpr-grid-media-wrap wpr-effect-size-medium \" data-overlay-link=\"yes\"><div class=\"wpr-grid-image-wrap\" data-src=\"https:\/\/kingsschool.cl\/sanbernardo\/wp-content\/uploads\/2026\/04\/WhatsApp-Image-2026-04-28-at-15.34.03.jpeg\" data-img-on-hover=\"\"  data-src-secondary=\"\"><img decoding=\"async\" data-no-lazy=\"1\" src=\"https:\/\/kingsschool.cl\/sanbernardo\/wp-content\/uploads\/2026\/04\/WhatsApp-Image-2026-04-28-at-15.34.03.jpeg\" alt=\"\u00bbSEMANA DE LA CONVIVENCIA ESCOLAR 2026\u00bb\" class=\"wpr-anim-timing-ease-default\"><\/div><div class=\"wpr-grid-media-hover wpr-animation-wrap\"><div class=\"wpr-grid-media-hover-bg  wpr-overlay-fade-in wpr-anim-size-large wpr-anim-timing-ease-default wpr-anim-transparency\" data-url=\"https:\/\/kingsschool.cl\/sanbernardo\/semana-de-la-convivencia-escolar-2026\/\"><\/div><\/div><\/div><div class=\"wpr-grid-item-below-content elementor-clearfix\"><h2 class=\"wpr-grid-item-title elementor-repeater-item-2d29edf wpr-grid-item-display-block wpr-grid-item-align-left wpr-pointer-none wpr-pointer-line-fx wpr-pointer-fx-fade\"><div class=\"inner-block\"><a target=\"_self\"  href=\"https:\/\/kingsschool.cl\/sanbernardo\/semana-de-la-convivencia-escolar-2026\/\">\u00bbSEMANA DE LA CONVIVENCIA ESCOLAR 2026\u00bb<\/a><\/div><\/h2><div class=\"wpr-grid-item-excerpt elementor-repeater-item-0025724 wpr-grid-item-display-block wpr-grid-item-align-left\"><div class=\"inner-block\"><p>\u00bbSEMANA DE LA CONVIVENCIA ESCOLAR 2026\u00bb [...]Leer m\u00e1s... from \u00bbSEMANA DE LA CONVIVENCIA ESCOLAR 2026\u00bb<\/p><\/div><\/div><div class=\"wpr-grid-item-read-more elementor-repeater-item-716d6c5 wpr-grid-item-display-block wpr-grid-item-align-left\"><div class=\"inner-block\"><a target=\"_self\" href=\"https:\/\/kingsschool.cl\/sanbernardo\/semana-de-la-convivencia-escolar-2026\/\" class=\"wpr-button-effect wpr-button-none\"><span>Leer M\u00e1s<\/span><\/a><\/div><\/div><\/div><\/div><\/article><article class=\"wpr-grid-item elementor-clearfix post-16351 post type-post status-publish format-standard has-post-thumbnail hentry category-noticias\"><div class=\"wpr-grid-item-inner\"><div class=\"wpr-grid-media-wrap wpr-effect-size-medium \" data-overlay-link=\"yes\"><div class=\"wpr-grid-image-wrap\" data-src=\"https:\/\/kingsschool.cl\/sanbernardo\/wp-content\/uploads\/2026\/04\/Taller-cocina-saludable-de-mayo.png\" data-img-on-hover=\"\"  data-src-secondary=\"\"><img decoding=\"async\" data-no-lazy=\"1\" src=\"https:\/\/kingsschool.cl\/sanbernardo\/wp-content\/uploads\/2026\/04\/Taller-cocina-saludable-de-mayo.png\" alt=\"Taller de cocina saludable KSB.\" class=\"wpr-anim-timing-ease-default\"><\/div><div class=\"wpr-grid-media-hover wpr-animation-wrap\"><div class=\"wpr-grid-media-hover-bg  wpr-overlay-fade-in wpr-anim-size-large wpr-anim-timing-ease-default wpr-anim-transparency\" data-url=\"https:\/\/kingsschool.cl\/sanbernardo\/taller-de-cocina-saludable-ksb\/\"><\/div><\/div><\/div><div class=\"wpr-grid-item-below-content elementor-clearfix\"><h2 class=\"wpr-grid-item-title elementor-repeater-item-2d29edf wpr-grid-item-display-block wpr-grid-item-align-left wpr-pointer-none wpr-pointer-line-fx wpr-pointer-fx-fade\"><div class=\"inner-block\"><a target=\"_self\"  href=\"https:\/\/kingsschool.cl\/sanbernardo\/taller-de-cocina-saludable-ksb\/\">Taller de cocina saludable KSB.<\/a><\/div><\/h2><div class=\"wpr-grid-item-excerpt elementor-repeater-item-0025724 wpr-grid-item-display-block wpr-grid-item-align-left\"><div class=\"inner-block\"><p>[...]Leer m\u00e1s... from Taller de cocina saludable KSB.<\/p><\/div><\/div><div class=\"wpr-grid-item-read-more elementor-repeater-item-716d6c5 wpr-grid-item-display-block wpr-grid-item-align-left\"><div class=\"inner-block\"><a target=\"_self\" href=\"https:\/\/kingsschool.cl\/sanbernardo\/taller-de-cocina-saludable-ksb\/\" class=\"wpr-button-effect wpr-button-none\"><span>Leer M\u00e1s<\/span><\/a><\/div><\/div><\/div><\/div><\/article><article class=\"wpr-grid-item elementor-clearfix post-16334 post type-post status-publish format-standard has-post-thumbnail hentry category-monthly-news category-noticias\"><div class=\"wpr-grid-item-inner\"><div class=\"wpr-grid-media-wrap wpr-effect-size-medium \" data-overlay-link=\"yes\"><div class=\"wpr-grid-image-wrap\" data-src=\"https:\/\/kingsschool.cl\/sanbernardo\/wp-content\/uploads\/2026\/04\/mnews_marzo-2026.jpg\" data-img-on-hover=\"\"  data-src-secondary=\"\"><img decoding=\"async\" data-no-lazy=\"1\" src=\"https:\/\/kingsschool.cl\/sanbernardo\/wp-content\/uploads\/2026\/04\/mnews_marzo-2026.jpg\" alt=\"Deportistas destacadas King\u2019s School San Bernardo 2026\" class=\"wpr-anim-timing-ease-default\"><\/div><div class=\"wpr-grid-media-hover wpr-animation-wrap\"><div class=\"wpr-grid-media-hover-bg  wpr-overlay-fade-in wpr-anim-size-large wpr-anim-timing-ease-default wpr-anim-transparency\" data-url=\"https:\/\/kingsschool.cl\/sanbernardo\/deportistas-destacadas-kingsschool-san-bernardo-2026\/\"><\/div><\/div><\/div><div class=\"wpr-grid-item-below-content elementor-clearfix\"><h2 class=\"wpr-grid-item-title elementor-repeater-item-2d29edf wpr-grid-item-display-block wpr-grid-item-align-left wpr-pointer-none wpr-pointer-line-fx wpr-pointer-fx-fade\"><div class=\"inner-block\"><a target=\"_self\"  href=\"https:\/\/kingsschool.cl\/sanbernardo\/deportistas-destacadas-kingsschool-san-bernardo-2026\/\">Deportistas destacadas King\u2019s School San Bernardo 2026<\/a><\/div><\/h2><div class=\"wpr-grid-item-excerpt elementor-repeater-item-0025724 wpr-grid-item-display-block wpr-grid-item-align-left\"><div class=\"inner-block\"><p>\u00a1Felicitaciones a nuestras estudiantes destacadas! Su esfuerzo, disciplina, perseverancia y pasi\u00f3n por el deporte son un ejemplo de excelencia para toda la comunidad escolar. Este reconocimiento celebra su gran dedicaci\u00f3n tanto en los entrenamientos como en lo acad\u00e9mico, siendo un orgullo para nuestro colegio. MARTINA YELORM 7\u00b0 B\u00c1SICO 4\u00b0 LUGAR CAMPEONATO NACIONAL BMX MARZO 2026 LUC\u00cdA NADER 6\u00b0 B\u00c1SICO 1\u00b0 LUGAR CAMPEONATO METROPOLITANO BMX MARZO 2026 [...]Leer m\u00e1s......<\/p><\/div><\/div><div class=\"wpr-grid-item-read-more elementor-repeater-item-716d6c5 wpr-grid-item-display-block wpr-grid-item-align-left\"><div class=\"inner-block\"><a target=\"_self\" href=\"https:\/\/kingsschool.cl\/sanbernardo\/deportistas-destacadas-kingsschool-san-bernardo-2026\/\" class=\"wpr-button-effect wpr-button-none\"><span>Leer M\u00e1s<\/span><\/a><\/div><\/div><\/div><\/div><\/article><\/section><div class=\"wpr-grid-pagination elementor-clearfix wpr-grid-pagination-numbered\" data-pages=\"8\"><div class=\"wpr-grid-pagi-left-arrows\"><span class=\"wpr-prev-page wpr-disabled-arrow\"><i class=\"fas fa-angle-double-left\"><\/i><span>Prev<\/span><\/span><\/div><span class=\"wpr-grid-current-page\">1<\/span><a href=\"https:\/\/kingsschool.cl\/sanbernardo\/wp-json\/wp\/v2\/pages\/2001\/page\/2\/\">2<\/a><a href=\"https:\/\/kingsschool.cl\/sanbernardo\/wp-json\/wp\/v2\/pages\/2001\/page\/3\/\">3<\/a><div class=\"wpr-grid-pagi-right-arrows\"><a href=\"https:\/\/kingsschool.cl\/sanbernardo\/wp-json\/wp\/v2\/pages\/2001\/page\/2\/\" class=\"wpr-next-page\"><span>Next<\/span><i class=\"fas fa-angle-double-right\"><\/i><\/a><\/div><\/div>\t\t\t\t<\/div>\n\t\t\t\t<\/div>\n\t\t\t\t\t<\/div>\n\t\t<\/div>\n\t\t\t\t\t<\/div>\n\t\t<\/section>\n\t\t\t\t<\/div>\n\t\t","protected":false},"excerpt":{"rendered":"<p>All Noticias Prueba de Acceso a la Educaci\u00f3n Superior (PAES) Estimada\/o, Junto con saludar, queremos informarle que ya comenz\u00f3 el\u00a0proceso de inscripci\u00f3n para rendir la Prueba de Acceso a la Educaci\u00f3n Superior (PAES), que permite participar del Proceso de Admisi\u00f3n 2024 a las universidades adscritas al Sistema de Acceso. Le solicitamos pueda difundir esto en su comunidad educativa y gestione los apoyos, en caso de [&hellip;] Leer M\u00e1s Minsal informa uso obligatorio de mascarillas* Estimados padres y apoderados: Junto con saludarlos, les comunicamos que producto de la crisis sanitaria que estamos viviendo a ra\u00edz del incremento de los virus estacionarios; el MINSAL ha dispuesto el uso obligatorio de mascarillas en establecimientos educacionales para estudiantes mayores de cinco a\u00f1os. Por lo anterior, le solicitamos que su hijo o hija traiga [&hellip;] Leer M\u00e1s &#8220;Semana de la seguridad en Kingsschool San Bernardo&#8221; ( Seguridad Vial \/ Road Safety ). AFICHES REALIZADOS POR ALUMNOS Leer M\u00e1s Prev123Next [&#8230;]<\/p>\n<p><a class=\"btn btn-secondary understrap-read-more-link\" href=\"https:\/\/kingsschool.cl\/sanbernardo\/deportistas-destacadas-kingsschool-san-bernardo-2026\/\">Leer m\u00e1s&#8230;<span class=\"screen-reader-text\"> from Deportistas destacadas King\u2019s School San Bernardo 2026<\/span><\/a><\/p>\n","protected":false},"author":1,"featured_media":0,"parent":0,"menu_order":0,"comment_status":"closed","ping_status":"open","template":"","meta":{"footnotes":""},"class_list":["post-2001","page","type-page","status-publish","hentry"],"rttpg_featured_image_url":null,"rttpg_author":{"display_name":"kings","author_link":"https:\/\/kingsschool.cl\/sanbernardo\/author\/kings\/"},"rttpg_comment":0,"rttpg_category":"","rttpg_excerpt":"All Noticias Prueba de Acceso a la Educaci\u00f3n Superior (PAES) Estimada\/o, Junto con saludar, queremos informarle que ya comenz\u00f3 el\u00a0proceso de inscripci\u00f3n para rendir la Prueba de Acceso a la Educaci\u00f3n Superior (PAES), que permite participar del Proceso de Admisi\u00f3n 2024 a las universidades adscritas al Sistema de Acceso. Le solicitamos pueda difundir esto en&hellip;","_links":{"self":[{"href":"https:\/\/kingsschool.cl\/sanbernardo\/wp-json\/wp\/v2\/pages\/2001","targetHints":{"allow":["GET"]}}],"collection":[{"href":"https:\/\/kingsschool.cl\/sanbernardo\/wp-json\/wp\/v2\/pages"}],"about":[{"href":"https:\/\/kingsschool.cl\/sanbernardo\/wp-json\/wp\/v2\/types\/page"}],"author":[{"embeddable":true,"href":"https:\/\/kingsschool.cl\/sanbernardo\/wp-json\/wp\/v2\/users\/1"}],"replies":[{"embeddable":true,"href":"https:\/\/kingsschool.cl\/sanbernardo\/wp-json\/wp\/v2\/comments?post=2001"}],"version-history":[{"count":7,"href":"https:\/\/kingsschool.cl\/sanbernardo\/wp-json\/wp\/v2\/pages\/2001\/revisions"}],"predecessor-version":[{"id":13650,"href":"https:\/\/kingsschool.cl\/sanbernardo\/wp-json\/wp\/v2\/pages\/2001\/revisions\/13650"}],"wp:attachment":[{"href":"https:\/\/kingsschool.cl\/sanbernardo\/wp-json\/wp\/v2\/media?parent=2001"}],"curies":[{"name":"wp","href":"https:\/\/api.w.org\/{rel}","templated":true}]}}